{"id":77,"date":"2013-02-08T00:28:42","date_gmt":"2013-02-08T00:28:42","guid":{"rendered":"http:\/\/eccl.com.br\/?page_id=77"},"modified":"2015-05-06T13:01:13","modified_gmt":"2015-05-06T13:01:13","slug":"quem-somos","status":"publish","type":"page","link":"http:\/\/eccl.com.br\/?page_id=77","title":{"rendered":"Quem Somos"},"content":{"rendered":"<div style=\"float: left;\"><img loading=\"lazy\" class=\"alignnone size-full wp-image-103\" alt=\"quemsomostopo\" src=\"http:\/\/eccl.com.br\/wp-content\/uploads\/quemsomostopo1.png\" width=\"444\" height=\"530\" srcset=\"http:\/\/eccl.com.br\/wp-content\/uploads\/quemsomostopo1.png 444w, http:\/\/eccl.com.br\/wp-content\/uploads\/quemsomostopo1-251x300.png 251w\" sizes=\"(max-width: 444px) 100vw, 444px\" \/><\/div>\n<div style=\"float: left;margin: -17px 0 0 21px;width: 455px;\">\n<h2>A ECCL<\/h2>\n<p>Empreendimentos e Constru\u00e7\u00e3o Civil LTDA foi fundada em 23 de Outubro de 2000 e desde ent\u00e3o vem se destacando no mercado da constru\u00e7\u00e3o civil pela execu\u00e7\u00e3o de obras de excelente acabamento por todo o estado do Rio Grande do Norte.<\/p>\n<p>O diferencial da empresa consiste na qualidade, responsabilidade e efici\u00eancia com que executa seus servi\u00e7os, primando sempre pela satisfa\u00e7\u00e3o dos clientes, sem deixar de lado quest\u00f5es importantes como a sa\u00fade e seguran\u00e7a de seus colaboradores. Para isto, possui uma estrutura composta por profissionais altamente qualificados, com larga experi\u00eancia no gerenciamento de obras civis.<\/p>\n<p>Ao longo destes anos de atua\u00e7\u00e3o a ECCL vem adquirindo um extenso acervo de realiza\u00e7\u00f5es em obras comerciais, residenciais, p\u00fablicas e particulares, buscando um constante aperfei\u00e7oamento de seus processos, tanto que aderiu ao Programa Brasileiro da Qualidade e Produtividade do Habitat &#8211; PBQP-H, mantendo-se sempre competitiva, consolidando sua credibilidade junto a clientes e parceiros.<\/p>\n<p><b>Pol\u00edtica da Qualidade da ECCL:<\/b> \u201cFornecer servi\u00e7os e produtos com qualidade, para atender \u00e0s satisfa\u00e7\u00f5es dos nossos clientes\u201d.<\/p>\n<\/div>\n","protected":false},"excerpt":{"rendered":"<p>A ECCL Empreendimentos e Constru\u00e7\u00e3o Civil LTDA foi fundada em 23 de Outubro de 2000 e desde ent\u00e3o vem se destacando no mercado da constru\u00e7\u00e3o civil pela execu\u00e7\u00e3o de obras de excelente acabamento por todo o estado do Rio Grande do Norte. O diferencial da empresa consiste na qualidade, responsabilidade e efici\u00eancia com que executa [&hellip;]<\/p>\n","protected":false},"author":1,"featured_media":0,"parent":0,"menu_order":0,"comment_status":"open","ping_status":"open","template":"","meta":[],"_links":{"self":[{"href":"http:\/\/eccl.com.br\/index.php?rest_route=\/wp\/v2\/pages\/77"}],"collection":[{"href":"http:\/\/eccl.com.br\/index.php?rest_route=\/wp\/v2\/pages"}],"about":[{"href":"http:\/\/eccl.com.br\/index.php?rest_route=\/wp\/v2\/types\/page"}],"author":[{"embeddable":true,"href":"http:\/\/eccl.com.br\/index.php?rest_route=\/wp\/v2\/users\/1"}],"replies":[{"embeddable":true,"href":"http:\/\/eccl.com.br\/index.php?rest_route=%2Fwp%2Fv2%2Fcomments&post=77"}],"version-history":[{"count":21,"href":"http:\/\/eccl.com.br\/index.php?rest_route=\/wp\/v2\/pages\/77\/revisions"}],"predecessor-version":[{"id":93,"href":"http:\/\/eccl.com.br\/index.php?rest_route=\/wp\/v2\/pages\/77\/revisions\/93"}],"wp:attachment":[{"href":"http:\/\/eccl.com.br\/index.php?rest_route=%2Fwp%2Fv2%2Fmedia&parent=77"}],"curies":[{"name":"wp","href":"https:\/\/api.w.org\/{rel}","templated":true}]}}